{"id":162,"date":"2019-11-08T16:39:26","date_gmt":"2019-11-08T15:39:26","guid":{"rendered":"https:\/\/phenix-aviation.com\/site_francais\/?page_id=162"},"modified":"2020-09-08T12:44:41","modified_gmt":"2020-09-08T10:44:41","slug":"management-davion","status":"publish","type":"page","link":"https:\/\/www.phenix-aviation.com\/site_francais\/index.php\/management-davion\/","title":{"rendered":"Management d&rsquo;avion"},"content":{"rendered":"\n<h1 class=\"has-text-align-center wp-block-heading\"><em>Profitez, Nous nous occupons de tout.<\/em><\/h1>\n\n\n\n<div style=\"height:50px\" aria-hidden=\"true\" class=\"wp-block-spacer\"><\/div>\n\n\n<p style=\"text-align: justify;\">Poss\u00e9der son avion en propre est un atout majeur et d&rsquo;une extr\u00eame efficacit\u00e9 pour votre entreprise, mais la gestion d&rsquo;un tel outils est complexe et chronophage.<\/p>\n<p style=\"text-align: justify;\">Nos services de Management d&rsquo;Avions sont l\u00e0 pour vous aider \u00e0 profiter pleinement de votre machine sans avoir \u00e0 vous soucier des contraintes r\u00e8glementaires, techniques, \u00e9quipages, formations et\u00a0 administratives.<\/p>\n<p style=\"text-align: justify;\">Confiez nous les t\u00e2ches complexes que n\u00e9cessite l&rsquo;exploitation de votre a\u00e9ronef afin d&rsquo;optimiser la disponibilit\u00e9 de l&rsquo;outil.<\/p>\n<p style=\"text-align: justify;\">Vous aurez le choix d&rsquo;opter pour une exploitation exclusivement \u00ab\u00a0Corporate\u00a0\u00bb (ou priv\u00e9) ou \u00e9largir l&rsquo;usage de votre appareil en ouvrant sa commercialisation \u00e0 travers les op\u00e9rations de Transport Public d&rsquo;une Compagnie A\u00e9rienne.<\/p>\n<p style=\"text-align: justify;\">PHENIX AVIATION est un organisme de gestion du maintien de la navigabilit\u00e9 \u00ab\u00a0CAMO\u00a0\u00bb(Continuing Airworthiness Management Organisation). Les CAMO ont notamment pour t\u00e2che d&rsquo;\u00e9tablir des programmes d&rsquo;entretien d&rsquo;a\u00e9ronefs et de commander ou de coordonner les travaux de modification, de r\u00e9paration ou d&rsquo;entretien n\u00e9cessaires. Ils r\u00e9alisent \u00e9galement l&rsquo;examen technique p\u00e9riodique des a\u00e9ronefs (s&rsquo;ils disposent des privil\u00e8ges \u00e0 cette fin) et g\u00e8rent les dossiers techniques des appareils.<\/p>\n\n\n<div style=\"height:50px\" aria-hidden=\"true\" class=\"wp-block-spacer\"><\/div>\n\n\n<p style=\"text-align: justify;\">Fort de notre exp\u00e9rience dans le management d&rsquo;avions, nous vous accompagnerons dans le choix le plus adapt\u00e9 et la gestion de votre avion.<\/p>\n\n\n<div style=\"height:50px\" aria-hidden=\"true\" class=\"wp-block-spacer\"><\/div>\n\n\n\n<p class=\"has-text-align-center has-medium-font-size\">Contactez-notre sp\u00e9cialiste .<\/p>\n\n\n\n<p class=\"has-text-align-center\"><strong>+33 (0)2 32 85 00 81<\/strong><\/p>\n\n\n\n<p class=\"has-text-align-center\"><a rel=\"noreferrer noopener\" href=\"mailto:phenix@phenix-aviation.com(ouvre un nouvel onglet)\" target=\"_blank\"><strong>phenix@phenix-aviation.com<\/strong><\/a><\/p>\n\n\n\n<div style=\"height:50px\" aria-hidden=\"true\" class=\"wp-block-spacer\"><\/div>\n\n\n\n<div class=\"wp-block-image\"><figure class=\"aligncenter\"><img loading=\"lazy\" decoding=\"async\" width=\"400\" height=\"214\" src=\"https:\/\/phenix-aviation.com\/site_francais\/wp-content\/uploads\/2019\/11\/image1.jpeg\" alt=\"\" class=\"wp-image-11\" srcset=\"https:\/\/www.phenix-aviation.com\/site_francais\/wp-content\/uploads\/2019\/11\/image1.jpeg 400w, https:\/\/www.phenix-aviation.com\/site_francais\/wp-content\/uploads\/2019\/11\/image1-300x161.jpeg 300w\" sizes=\"auto, (max-width: 400px) 100vw, 400px\" \/><\/figure><\/div>\n\n\n\n<p><\/p>\n","protected":false},"excerpt":{"rendered":"<p>Profitez, Nous nous occupons de tout. Poss\u00e9der son avion en propre est un atout majeur et d&rsquo;une extr\u00eame efficacit\u00e9 pour votre entreprise, mais la gestion d&rsquo;un tel outils est complexe et chronophage. Nos services de Management d&rsquo;Avions sont l\u00e0 pour vous aider \u00e0 profiter pleinement de votre machine sans avoir \u00e0 vous soucier des contraintes&hellip; <br \/> <a class=\"read-more\" href=\"https:\/\/www.phenix-aviation.com\/site_francais\/index.php\/management-davion\/\">Lire la suite<\/a><\/p>\n","protected":false},"author":2,"featured_media":362,"parent":0,"menu_order":0,"comment_status":"closed","ping_status":"closed","template":"","meta":{"footnotes":""},"class_list":["post-162","page","type-page","status-publish","has-post-thumbnail","hentry"],"_links":{"self":[{"href":"https:\/\/www.phenix-aviation.com\/site_francais\/index.php\/wp-json\/wp\/v2\/pages\/162","targetHints":{"allow":["GET"]}}],"collection":[{"href":"https:\/\/www.phenix-aviation.com\/site_francais\/index.php\/wp-json\/wp\/v2\/pages"}],"about":[{"href":"https:\/\/www.phenix-aviation.com\/site_francais\/index.php\/wp-json\/wp\/v2\/types\/page"}],"author":[{"embeddable":true,"href":"https:\/\/www.phenix-aviation.com\/site_francais\/index.php\/wp-json\/wp\/v2\/users\/2"}],"replies":[{"embeddable":true,"href":"https:\/\/www.phenix-aviation.com\/site_francais\/index.php\/wp-json\/wp\/v2\/comments?post=162"}],"version-history":[{"count":18,"href":"https:\/\/www.phenix-aviation.com\/site_francais\/index.php\/wp-json\/wp\/v2\/pages\/162\/revisions"}],"predecessor-version":[{"id":905,"href":"https:\/\/www.phenix-aviation.com\/site_francais\/index.php\/wp-json\/wp\/v2\/pages\/162\/revisions\/905"}],"wp:featuredmedia":[{"embeddable":true,"href":"https:\/\/www.phenix-aviation.com\/site_francais\/index.php\/wp-json\/wp\/v2\/media\/362"}],"wp:attachment":[{"href":"https:\/\/www.phenix-aviation.com\/site_francais\/index.php\/wp-json\/wp\/v2\/media?parent=162"}],"curies":[{"name":"wp","href":"https:\/\/api.w.org\/{rel}","templated":true}]}}