{"id":161,"date":"2019-11-08T16:39:25","date_gmt":"2019-11-08T15:39:25","guid":{"rendered":"https:\/\/phenix-aviation.com\/site_francais\/?page_id=161"},"modified":"2020-01-04T18:52:22","modified_gmt":"2020-01-04T17:52:22","slug":"vol-a-la-demande","status":"publish","type":"page","link":"https:\/\/www.phenix-aviation.com\/site_francais\/index.php\/vol-a-la-demande\/","title":{"rendered":"Vol \u00e0 la demande"},"content":{"rendered":"\n<h1 class=\"has-text-align-center wp-block-heading\"><em>O\u00f9 vous voulez, Quand vous le voulez.<\/em><\/h1>\n\n\n\n<div style=\"height:50px\" aria-hidden=\"true\" class=\"wp-block-spacer\"><\/div>\n\n\n\n<div class=\"wp-block-columns are-vertically-aligned-center has-2-columns is-layout-flex wp-container-core-columns-is-layout-9d6595d7 wp-block-columns-is-layout-flex\">\n<div class=\"wp-block-column is-vertically-aligned-center is-layout-flow wp-block-column-is-layout-flow\">\n<div class=\"wp-block-image\"><figure class=\"aligncenter is-resized\"><img loading=\"lazy\" decoding=\"async\" src=\"https:\/\/phenix-aviation.com\/site_francais\/wp-content\/uploads\/2019\/11\/IMG_3986-1.jpg\" alt=\"\" class=\"wp-image-384\" width=\"378\" height=\"378\" srcset=\"https:\/\/www.phenix-aviation.com\/site_francais\/wp-content\/uploads\/2019\/11\/IMG_3986-1.jpg 3024w, https:\/\/www.phenix-aviation.com\/site_francais\/wp-content\/uploads\/2019\/11\/IMG_3986-1-150x150.jpg 150w, https:\/\/www.phenix-aviation.com\/site_francais\/wp-content\/uploads\/2019\/11\/IMG_3986-1-300x300.jpg 300w, https:\/\/www.phenix-aviation.com\/site_francais\/wp-content\/uploads\/2019\/11\/IMG_3986-1-768x768.jpg 768w, https:\/\/www.phenix-aviation.com\/site_francais\/wp-content\/uploads\/2019\/11\/IMG_3986-1-1024x1024.jpg 1024w, https:\/\/www.phenix-aviation.com\/site_francais\/wp-content\/uploads\/2019\/11\/IMG_3986-1-1080x1080.jpg 1080w\" sizes=\"auto, (max-width: 378px) 100vw, 378px\" \/><\/figure><\/div>\n<\/div>\n\n\n\n<div class=\"wp-block-column is-vertically-aligned-center is-layout-flow wp-block-column-is-layout-flow\">\n<p style=\"text-align: justify;\">Pour les voyageurs r\u00e9guliers ou les voyageurs occasionnels, notre \u00e9quipe d&rsquo;experts est disponible 24h\/24 et 7j\/7 pour vous fournir les informations dont vous avez besoin et vous proposer une solution.<\/p>\n\n\n\n<p style=\"text-align: justify;\">Le march\u00e9 de l&rsquo;aviation d&rsquo;affaires est un environnement complexe et comp\u00e9titif, c&rsquo;est pourquoi nous sommes fiers de rester fid\u00e8les \u00e0 nos valeurs fondamentales et concentr\u00e9s sur notre objectif principal : fournir un moyen de voyage s\u00fbr, fiable et sur mesure pour nos clients.<\/p>\n\n\n\n<p>Nous prenons le temps de bien comprendre vos besoins et vos attentes, aussi bien dans les airs qu&rsquo;avant et apr\u00e8s votre voyage.<\/p>\n\n\n\n<p style=\"text-align: justify;\">Nous fournissons des services sur mesure en portant une grande attention \u00e0 chaque d\u00e9tails, du premier \u00e9change t\u00e9l\u00e9phonique, \u00e0 votre voiture s&rsquo;arr\u00eatant au pas de la porte de l&rsquo;avion, au type de magazines que vous aimez lire, jusqu&rsquo;\u00e0 notre derni\u00e8re poign\u00e9e de main&#8230;<\/p>\n<p style=\"text-align: justify;\">Nous pensons global.<\/p>\n<\/div>\n<\/div>\n\n\n\n<div style=\"height:50px\" aria-hidden=\"true\" class=\"wp-block-spacer\"><\/div>\n\n\n\n<h4 class=\"has-text-align-center wp-block-heading\"><strong>L\u2019\u00e9quipe Phenix Aviation est disponible 24H\/24 7J\/7 pour vous trouver les options les plus adapt\u00e9es \u00e0 votre voyage et ne vous fournira que le meilleur<\/strong>.<\/h4>\n\n\n\n<h4 class=\"has-text-align-center wp-block-heading\"><strong>Contactez-nous.<\/strong><\/h4>\n\n\n\n<p class=\"has-text-align-center\">+33 (0)2 32 85 00 81<\/p>\n\n\n\n<p class=\"has-text-align-center\"><a rel=\"noreferrer noopener\" href=\"mailto:phenix@phenix-aviation.com(ouvre un nouvel onglet)\" target=\"_blank\">phenix@phenix-aviation.com<\/a><\/p>\n\n\n\n<div style=\"height:50px\" aria-hidden=\"true\" class=\"wp-block-spacer\"><\/div>\n\n\n\n<div class=\"wp-block-image\"><figure class=\"aligncenter\"><img loading=\"lazy\" decoding=\"async\" width=\"400\" height=\"214\" src=\"https:\/\/phenix-aviation.com\/site_francais\/wp-content\/uploads\/2019\/11\/image1.jpeg\" alt=\"\" class=\"wp-image-11\" srcset=\"https:\/\/www.phenix-aviation.com\/site_francais\/wp-content\/uploads\/2019\/11\/image1.jpeg 400w, https:\/\/www.phenix-aviation.com\/site_francais\/wp-content\/uploads\/2019\/11\/image1-300x161.jpeg 300w\" sizes=\"auto, (max-width: 400px) 100vw, 400px\" \/><\/figure><\/div>\n","protected":false},"excerpt":{"rendered":"<p>O\u00f9 vous voulez, Quand vous le voulez. Pour les voyageurs r\u00e9guliers ou les voyageurs occasionnels, notre \u00e9quipe d&rsquo;experts est disponible 24h\/24 et 7j\/7 pour vous fournir les informations dont vous avez besoin et vous proposer une solution. Le march\u00e9 de l&rsquo;aviation d&rsquo;affaires est un environnement complexe et comp\u00e9titif, c&rsquo;est pourquoi nous sommes fiers de rester&hellip; <br \/> <a class=\"read-more\" href=\"https:\/\/www.phenix-aviation.com\/site_francais\/index.php\/vol-a-la-demande\/\">Lire la suite<\/a><\/p>\n","protected":false},"author":2,"featured_media":331,"parent":0,"menu_order":0,"comment_status":"closed","ping_status":"closed","template":"","meta":{"footnotes":""},"class_list":["post-161","page","type-page","status-publish","has-post-thumbnail","hentry"],"_links":{"self":[{"href":"https:\/\/www.phenix-aviation.com\/site_francais\/index.php\/wp-json\/wp\/v2\/pages\/161","targetHints":{"allow":["GET"]}}],"collection":[{"href":"https:\/\/www.phenix-aviation.com\/site_francais\/index.php\/wp-json\/wp\/v2\/pages"}],"about":[{"href":"https:\/\/www.phenix-aviation.com\/site_francais\/index.php\/wp-json\/wp\/v2\/types\/page"}],"author":[{"embeddable":true,"href":"https:\/\/www.phenix-aviation.com\/site_francais\/index.php\/wp-json\/wp\/v2\/users\/2"}],"replies":[{"embeddable":true,"href":"https:\/\/www.phenix-aviation.com\/site_francais\/index.php\/wp-json\/wp\/v2\/comments?post=161"}],"version-history":[{"count":16,"href":"https:\/\/www.phenix-aviation.com\/site_francais\/index.php\/wp-json\/wp\/v2\/pages\/161\/revisions"}],"predecessor-version":[{"id":542,"href":"https:\/\/www.phenix-aviation.com\/site_francais\/index.php\/wp-json\/wp\/v2\/pages\/161\/revisions\/542"}],"wp:featuredmedia":[{"embeddable":true,"href":"https:\/\/www.phenix-aviation.com\/site_francais\/index.php\/wp-json\/wp\/v2\/media\/331"}],"wp:attachment":[{"href":"https:\/\/www.phenix-aviation.com\/site_francais\/index.php\/wp-json\/wp\/v2\/media?parent=161"}],"curies":[{"name":"wp","href":"https:\/\/api.w.org\/{rel}","templated":true}]}}