{"id":158,"date":"2019-11-08T16:39:25","date_gmt":"2019-11-08T15:39:25","guid":{"rendered":"https:\/\/phenix-aviation.com\/site_francais\/?page_id=158"},"modified":"2020-01-04T18:28:52","modified_gmt":"2020-01-04T17:28:52","slug":"services","status":"publish","type":"page","link":"https:\/\/www.phenix-aviation.com\/site_francais\/index.php\/services\/","title":{"rendered":"Services"},"content":{"rendered":"\n<h2 class=\"has-text-align-center wp-block-heading\">Dans le monde de l&rsquo;Aviation Priv\u00e9, nous sommes pr\u00e9sent pour vous&#8230;<\/h2>\n\n\n\n<h2 class=\"has-text-align-center wp-block-heading\">&#8230;24H\/24 7J\/7 !<\/h2>\n\n\n\n<div style=\"height:100px\" aria-hidden=\"true\" class=\"wp-block-spacer\"><\/div>\n\n\n\n<div class=\"wp-block-media-text alignwide is-vertically-aligned-center\" style=\"grid-template-columns:28% auto\"><figure class=\"wp-block-media-text__media\"><img loading=\"lazy\" decoding=\"async\" width=\"626\" height=\"626\" src=\"https:\/\/phenix-aviation.com\/site_francais\/wp-content\/uploads\/2019\/12\/serveur-servant-un-verre-sur-un-plateau_318-29153.jpg\" alt=\"\" class=\"wp-image-442\" srcset=\"https:\/\/www.phenix-aviation.com\/site_francais\/wp-content\/uploads\/2019\/12\/serveur-servant-un-verre-sur-un-plateau_318-29153.jpg 626w, https:\/\/www.phenix-aviation.com\/site_francais\/wp-content\/uploads\/2019\/12\/serveur-servant-un-verre-sur-un-plateau_318-29153-150x150.jpg 150w, https:\/\/www.phenix-aviation.com\/site_francais\/wp-content\/uploads\/2019\/12\/serveur-servant-un-verre-sur-un-plateau_318-29153-300x300.jpg 300w\" sizes=\"auto, (max-width: 626px) 100vw, 626px\" \/><\/figure><div class=\"wp-block-media-text__content\">\n<p style=\"text-align: justify;\">Depuis 2001, notre compagnie s&rsquo;est sp\u00e9cialis\u00e9e afin de vous offrir la meilleure exp\u00e9rience possible pour vos voyages d&rsquo;affaires et priv\u00e9s, avec la plus grande discretion.<\/p>\n\n\n\n<p style=\"text-align: justify;\">Vous voulez aller de Paris \u00e0 Londres ? De Londres \u00e0 Prague ? D&rsquo;o\u00f9 vous \u00eates, \u00e0 l&rsquo;endroit o\u00f9 vous voulez ? Contactez-nous pour planifier votre <a href=\"https:\/\/phenix-aviation.com\/site_francais\/index.php\/vol-a-la-demande\/\">vol \u00e0 la demande<\/a> !<\/p>\n\n\n\n<p style=\"text-align: justify;\">Vous avez besoin, ou tout simplement envie, d&rsquo;aller plus loin dans le monde de l&rsquo;aviation priv\u00e9 et avoir votre propre avion ? Nous sommes pr\u00e9sent pour vous conseiller et vous aider, de l&rsquo;achat au <a href=\"https:\/\/phenix-aviation.com\/site_francais\/index.php\/management-davion\/\">management<\/a> !<\/p>\n<\/div><\/div>\n\n\n\n<div style=\"height:100px\" aria-hidden=\"true\" class=\"wp-block-spacer\"><\/div>\n\n\n\n<h4 class=\"has-text-align-center wp-block-heading\"><strong>Notre \u00e9quipe commerciale est disponible 24H\/24 7J\/7 pour vous trouver les options les plus adapt\u00e9es \u00e0 votre voyage et ne vous fournira que le meilleur !<\/strong><br><\/h4>\n\n\n\n<p class=\"has-text-align-center\"><strong>Contactez-nous !&nbsp;<\/strong><\/p>\n\n\n\n<p class=\"has-text-align-center\">+33 (0)2 32 85 00 81<\/p>\n\n\n\n<p class=\"has-text-align-center\"><a rel=\"noreferrer noopener\" href=\"mailto:phenix@phenix-aviation.com(ouvre%20un%20nouvel%20onglet)\" target=\"_blank\">phenix@phenix-aviation.com<\/a><\/p>\n\n\n\n<div style=\"height:50px\" aria-hidden=\"true\" class=\"wp-block-spacer\"><\/div>\n\n\n\n<div class=\"wp-block-image\"><figure class=\"aligncenter\"><img loading=\"lazy\" decoding=\"async\" width=\"400\" height=\"214\" src=\"https:\/\/phenix-aviation.com\/site_francais\/wp-content\/uploads\/2019\/11\/image1.jpeg\" alt=\"\" class=\"wp-image-11\" srcset=\"https:\/\/www.phenix-aviation.com\/site_francais\/wp-content\/uploads\/2019\/11\/image1.jpeg 400w, https:\/\/www.phenix-aviation.com\/site_francais\/wp-content\/uploads\/2019\/11\/image1-300x161.jpeg 300w\" sizes=\"auto, (max-width: 400px) 100vw, 400px\" \/><\/figure><\/div>\n","protected":false},"excerpt":{"rendered":"<p>Dans le monde de l&rsquo;Aviation Priv\u00e9, nous sommes pr\u00e9sent pour vous&#8230; &#8230;24H\/24 7J\/7 ! Depuis 2001, notre compagnie s&rsquo;est sp\u00e9cialis\u00e9e afin de vous offrir la meilleure exp\u00e9rience possible pour vos voyages d&rsquo;affaires et priv\u00e9s, avec la plus grande discretion. Vous voulez aller de Paris \u00e0 Londres ? De Londres \u00e0 Prague ? D&rsquo;o\u00f9 vous \u00eates,&hellip; <br \/> <a class=\"read-more\" href=\"https:\/\/www.phenix-aviation.com\/site_francais\/index.php\/services\/\">Lire la suite<\/a><\/p>\n","protected":false},"author":2,"featured_media":332,"parent":0,"menu_order":0,"comment_status":"closed","ping_status":"closed","template":"","meta":{"footnotes":""},"class_list":["post-158","page","type-page","status-publish","has-post-thumbnail","hentry"],"_links":{"self":[{"href":"https:\/\/www.phenix-aviation.com\/site_francais\/index.php\/wp-json\/wp\/v2\/pages\/158","targetHints":{"allow":["GET"]}}],"collection":[{"href":"https:\/\/www.phenix-aviation.com\/site_francais\/index.php\/wp-json\/wp\/v2\/pages"}],"about":[{"href":"https:\/\/www.phenix-aviation.com\/site_francais\/index.php\/wp-json\/wp\/v2\/types\/page"}],"author":[{"embeddable":true,"href":"https:\/\/www.phenix-aviation.com\/site_francais\/index.php\/wp-json\/wp\/v2\/users\/2"}],"replies":[{"embeddable":true,"href":"https:\/\/www.phenix-aviation.com\/site_francais\/index.php\/wp-json\/wp\/v2\/comments?post=158"}],"version-history":[{"count":15,"href":"https:\/\/www.phenix-aviation.com\/site_francais\/index.php\/wp-json\/wp\/v2\/pages\/158\/revisions"}],"predecessor-version":[{"id":536,"href":"https:\/\/www.phenix-aviation.com\/site_francais\/index.php\/wp-json\/wp\/v2\/pages\/158\/revisions\/536"}],"wp:featuredmedia":[{"embeddable":true,"href":"https:\/\/www.phenix-aviation.com\/site_francais\/index.php\/wp-json\/wp\/v2\/media\/332"}],"wp:attachment":[{"href":"https:\/\/www.phenix-aviation.com\/site_francais\/index.php\/wp-json\/wp\/v2\/media?parent=158"}],"curies":[{"name":"wp","href":"https:\/\/api.w.org\/{rel}","templated":true}]}}