{"id":152,"date":"2019-11-08T16:39:25","date_gmt":"2019-11-08T15:39:25","guid":{"rendered":"https:\/\/phenix-aviation.com\/site_francais\/?page_id=152"},"modified":"2020-06-18T17:40:32","modified_gmt":"2020-06-18T15:40:32","slug":"la-compagnie","status":"publish","type":"page","link":"https:\/\/www.phenix-aviation.com\/site_francais\/index.php\/la-compagnie\/","title":{"rendered":"La Compagnie"},"content":{"rendered":"\n<h2 class=\"has-text-align-center wp-block-heading\">Les Ailes de Vos Ambitions<\/h2>\n\n\n\n<h4 class=\"has-text-align-center wp-block-heading\">Depuis 1998<\/h4>\n\n\n\n<div style=\"height:100px\" aria-hidden=\"true\" class=\"wp-block-spacer\"><\/div>\n\n\n\n<hr class=\"wp-block-separator\"\/>\n\n\n\n<div class=\"wp-block-columns are-vertically-aligned-center has-2-columns is-layout-flex wp-container-core-columns-is-layout-9d6595d7 wp-block-columns-is-layout-flex\">\n<div class=\"wp-block-column is-vertically-aligned-center is-layout-flow wp-block-column-is-layout-flow\">\n<div class=\"wp-block-image\"><figure class=\"aligncenter\"><img loading=\"lazy\" decoding=\"async\" width=\"1024\" height=\"1014\" src=\"https:\/\/phenix-aviation.com\/site_francais\/wp-content\/uploads\/2019\/11\/IMG_5384-1024x1014.jpg\" alt=\"\" class=\"wp-image-268\" srcset=\"https:\/\/www.phenix-aviation.com\/site_francais\/wp-content\/uploads\/2019\/11\/IMG_5384-1024x1014.jpg 1024w, https:\/\/www.phenix-aviation.com\/site_francais\/wp-content\/uploads\/2019\/11\/IMG_5384-150x150.jpg 150w, https:\/\/www.phenix-aviation.com\/site_francais\/wp-content\/uploads\/2019\/11\/IMG_5384-300x297.jpg 300w, https:\/\/www.phenix-aviation.com\/site_francais\/wp-content\/uploads\/2019\/11\/IMG_5384-768x761.jpg 768w, https:\/\/www.phenix-aviation.com\/site_francais\/wp-content\/uploads\/2019\/11\/IMG_5384-1091x1080.jpg 1091w\" sizes=\"auto, (max-width: 1024px) 100vw, 1024px\" \/><\/figure><\/div>\n<\/div>\n\n\n\n<div class=\"wp-block-column is-vertically-aligned-center is-layout-flow wp-block-column-is-layout-flow\">\n<p style=\"text-align: justify;\">Chez Ph\u00e9nix Aviation, nous sommes fiers des valeurs fondamentales port\u00e9es par l&rsquo;entreprise.<\/p>\n<p style=\"text-align: justify;\">Sous l\u2019impulsion de son fondateur et directeur g\u00e9n\u00e9ral Jean BORIE depuis plus de deux d\u00e9cennies nos ambitions sont r\u00e9solument tourn\u00e9es vers un futur raisonn\u00e9, cr\u00e9ant, d\u00e9veloppant, issant la s\u00e9curit\u00e9 au premier rang de nos pr\u00e9occupations tout en vous offrant un service de haut niveau.<\/p>\n\n\n\n<p style=\"text-align: justify;\">La flexibilit\u00e9 est notre force. Savoir s\u2019adapter en permanence, rester \u00e0 la pointe des technologies modernes nous permet de satisfaire les attentes de nos clients et de leur offrir des services de qualit\u00e9s.<\/p>\n\n\n\n<p style=\"text-align: justify;\">Pour nos clients, nous mettons en \u0153uvre tout notre savoir-faire afin de concevoir sur mesure vos voyages professionnels ou personnels. Nos \u00e9quipages auront \u00e0 c\u0153ur de transformer votre voyage en un moment de d\u00e9tente. Votre exp\u00e9rience avec nous, vous donnera l&rsquo;envie de revenir tr\u00e8s vite !<\/p>\n\n\n\n<p style=\"text-align: justify;\">Nous vous transporterons vers la destination de votre choix \u00e0 l&rsquo;heure qui vous convient&#8230;<\/p>\n\n\n\n<p style=\"text-align: justify;\">Voil\u00e0 ce qui nous anime tous chez Ph\u00e9nix Aviation, la passion de vous faire voyager.<\/p>\n<\/div>\n<\/div>\n\n\n\n<div style=\"height:100px\" aria-hidden=\"true\" class=\"wp-block-spacer\"><\/div>\n\n\n\n<h4 class=\"wp-block-heading\">PASSION<\/h4>\n\n\n\n<hr class=\"wp-block-separator\"\/>\n\n\n\n<div class=\"wp-block-columns are-vertically-aligned-center has-2-columns is-layout-flex wp-container-core-columns-is-layout-9d6595d7 wp-block-columns-is-layout-flex\">\n<div class=\"wp-block-column is-vertically-aligned-center is-layout-flow wp-block-column-is-layout-flow\">\n<p style=\"text-align: justify;\">La philosophie de Ph\u00e9nix Aviation: La recherche de l&rsquo;excellence!<\/p>\n\n\n\n\n\n<p style=\"text-align: justify;\">Chaque membre de notre \u00e9quipe est attach\u00e9 \u00e0 ce principe, qui se traduit par un service premium, adapt\u00e9 aux besoins de nos clients.<\/p>\n<\/div>\n\n\n\n<div class=\"wp-block-column is-vertically-aligned-center is-layout-flow wp-block-column-is-layout-flow\">\n<div class=\"wp-block-image\"><figure class=\"aligncenter\"><img loading=\"lazy\" decoding=\"async\" width=\"1024\" height=\"1024\" src=\"https:\/\/phenix-aviation.com\/site_francais\/wp-content\/uploads\/2019\/11\/Paris-by-Night-FHMUT-1024x1024.jpg\" alt=\"\" class=\"wp-image-283\" srcset=\"https:\/\/www.phenix-aviation.com\/site_francais\/wp-content\/uploads\/2019\/11\/Paris-by-Night-FHMUT-1024x1024.jpg 1024w, https:\/\/www.phenix-aviation.com\/site_francais\/wp-content\/uploads\/2019\/11\/Paris-by-Night-FHMUT-150x150.jpg 150w, https:\/\/www.phenix-aviation.com\/site_francais\/wp-content\/uploads\/2019\/11\/Paris-by-Night-FHMUT-300x300.jpg 300w, https:\/\/www.phenix-aviation.com\/site_francais\/wp-content\/uploads\/2019\/11\/Paris-by-Night-FHMUT-768x768.jpg 768w, https:\/\/www.phenix-aviation.com\/site_francais\/wp-content\/uploads\/2019\/11\/Paris-by-Night-FHMUT-1080x1080.jpg 1080w\" sizes=\"auto, (max-width: 1024px) 100vw, 1024px\" \/><\/figure><\/div>\n<\/div>\n<\/div>\n\n\n\n<div style=\"height:100px\" aria-hidden=\"true\" class=\"wp-block-spacer\"><\/div>\n\n\n\n<h4 class=\"has-text-align-right wp-block-heading\">SERVICE SUR MESURE<\/h4>\n\n\n\n<hr class=\"wp-block-separator\"\/>\n\n\n\n<div class=\"wp-block-columns has-2-columns is-layout-flex wp-container-core-columns-is-layout-9d6595d7 wp-block-columns-is-layout-flex\">\n<div class=\"wp-block-column is-vertically-aligned-center is-layout-flow wp-block-column-is-layout-flow\">\n<div class=\"wp-block-image\"><figure class=\"aligncenter\"><img loading=\"lazy\" decoding=\"async\" width=\"1024\" height=\"1024\" src=\"https:\/\/phenix-aviation.com\/site_francais\/wp-content\/uploads\/2019\/11\/IMG_3869-1024x1024.jpg\" alt=\"\" class=\"wp-image-282\" srcset=\"https:\/\/www.phenix-aviation.com\/site_francais\/wp-content\/uploads\/2019\/11\/IMG_3869-1024x1024.jpg 1024w, https:\/\/www.phenix-aviation.com\/site_francais\/wp-content\/uploads\/2019\/11\/IMG_3869-150x150.jpg 150w, https:\/\/www.phenix-aviation.com\/site_francais\/wp-content\/uploads\/2019\/11\/IMG_3869-300x300.jpg 300w, https:\/\/www.phenix-aviation.com\/site_francais\/wp-content\/uploads\/2019\/11\/IMG_3869-768x768.jpg 768w, https:\/\/www.phenix-aviation.com\/site_francais\/wp-content\/uploads\/2019\/11\/IMG_3869-1080x1080.jpg 1080w\" sizes=\"auto, (max-width: 1024px) 100vw, 1024px\" \/><\/figure><\/div>\n<\/div>\n\n\n\n<div class=\"wp-block-column is-vertically-aligned-center is-layout-flow wp-block-column-is-layout-flow\">\n<p style=\"text-align: justify;\">L&rsquo;\u00e9quipe de Ph\u00e9nix Aviation s&rsquo;engage \u00e0 faire tout son possible pour s&rsquo;assurer que les attentes et les besoins de nos clients soient satisfaits au del\u00e0 de leurs esp\u00e9rances.<\/p>\n\n\n\n<p style=\"text-align: justify;\">Nous prenons le temps de vous \u00e9couter afin de comprendre vos attentes avant, pendant et apr\u00e8s votre vol, et cela, jusqu\u2019au plus petit d\u00e9tail qui fera la diff\u00e9rence.<\/p>\n\n\n\n<p style=\"text-align: justify;\">Faites-nous savoir ce dont vous avez besoin, notre \u00e9quipe est l\u00e0 pour prendre toutes les dispositions pour vous satisfaire.<\/p>\n<\/div>\n<\/div>\n\n\n\n<div style=\"height:100px\" aria-hidden=\"true\" class=\"wp-block-spacer\"><\/div>\n\n\n\n<h4 class=\"wp-block-heading\">SECURITE<\/h4>\n\n\n\n<hr class=\"wp-block-separator\"\/>\n\n\n\n<div class=\"wp-block-columns are-vertically-aligned-center has-2-columns is-layout-flex wp-container-core-columns-is-layout-9d6595d7 wp-block-columns-is-layout-flex\">\n<div class=\"wp-block-column is-vertically-aligned-center is-layout-flow wp-block-column-is-layout-flow\">\n<p>Un objectif absolu : la s\u00e9curit\u00e9 des vols. Ph\u00e9nix Aviation applique strictement les normes de s\u00e9curit\u00e9 les plus rigoureuses sous couvert d\u2019un Certificat de Transporteur A\u00e9rien (CTA) N\u00b0 FR.AOC.0056 d\u00e9livr\u00e9 par la DGAC conform\u00e9ment \u00e0 la r\u00e9glementation de l\u2019Agence Europ\u00e9enne de la S\u00e9curit\u00e9 A\u00e9rienne (EASA).<\/p>\n\n\n\n<p style=\"text-align: justify;\">Ph\u00e9nix Aviation a d\u00e9velopp\u00e9 son propre Syst\u00e8me de Gestion de la S\u00e9curit\u00e9 (SGS), qui adopte une approche proactive et pr\u00e9dictive de la s\u00e9curit\u00e9, s\u2019effor\u00e7ant d\u2019identifier afin de r\u00e9duire les risques potentiels avant qu\u2019ils n\u2019affectent le fonctionnement de la compagnie et les vols.<\/p>\n\n\n\n<p>Notre compagnie est soumise chaque ann\u00e9e \u00e0 plusieurs audits effectu\u00e9s par l\u2019autorit\u00e9 fran\u00e7aise (DGAC), L\u2019Organisme pour la S\u00e9curit\u00e9 de l\u2019Aviation Civile (OSAC), et de notre service qualit\u00e9 interne.<\/p>\n\n\n\n<p style=\"text-align: justify;\">Chaque vol Ph\u00e9nix Aviation est exploit\u00e9 conform\u00e9ment aux r\u00e9glementations de l&rsquo;Agence Europ\u00e9enne de la S\u00e9curit\u00e9 A\u00e9rienne (EASA) et aux proc\u00e9dures du manuel d&rsquo;exploitation.<\/p>\n\n\n\n<p style=\"text-align: justify;\">Tous les avions sont entretenus selon des normes rigoureuses de s\u00e9curit\u00e9 europ\u00e9ennes fix\u00e9es par l&rsquo;AESA dans des centres de maintenance agr\u00e9\u00e9s.<\/p>\n\n\n\n<p>Les \u00e9quipages et le personnel au sol de Ph\u00e9nix Aviation sont recrut\u00e9s selon des exigences strictes, conform\u00e9ment aux valeurs de notre compagnie et selon les r\u00e9glementations de l\u2019EASA. Un suivi continu est assur\u00e9 par nos propres instructeurs. Nos pilotes suivent les formations et les contr\u00f4les r\u00e9glementaires valid\u00e9s dans le cadre du maintien des comp\u00e9tences. \u00a0<\/p>\n\n\n\n<p>Tous les vols effectu\u00e9s par Ph\u00e9nix Aviation sont toujours op\u00e9r\u00e9s avec deux pilotes \u00e0 bord.<\/p>\n<\/div>\n\n\n\n<div class=\"wp-block-column is-vertically-aligned-center is-layout-flow wp-block-column-is-layout-flow\">\n<div class=\"wp-block-image\"><figure class=\"aligncenter size-thumbnail\"><img loading=\"lazy\" decoding=\"async\" width=\"150\" height=\"150\" src=\"https:\/\/www.phenix-aviation.com\/site_francais\/wp-content\/uploads\/2020\/01\/Ministe\u0300re_de_lEnvironnement_de_lEnergie_et_de_la_Mer.svg_-150x150.png\" alt=\"\" class=\"wp-image-611\"\/><\/figure><\/div>\n\n\n\n<div class=\"wp-block-image\"><figure class=\"aligncenter\"><img loading=\"lazy\" decoding=\"async\" width=\"250\" height=\"84\" src=\"https:\/\/phenix-aviation.com\/site_francais\/wp-content\/uploads\/2019\/11\/easa.png\" alt=\"\" class=\"wp-image-285\"\/><\/figure><\/div>\n\n\n\n<div class=\"wp-block-image\"><figure class=\"aligncenter\"><img loading=\"lazy\" decoding=\"async\" width=\"300\" height=\"148\" src=\"https:\/\/phenix-aviation.com\/site_francais\/wp-content\/uploads\/2019\/11\/DGAC-300x148.png\" alt=\"\" class=\"wp-image-286\" srcset=\"https:\/\/www.phenix-aviation.com\/site_francais\/wp-content\/uploads\/2019\/11\/DGAC-300x148.png 300w, https:\/\/www.phenix-aviation.com\/site_francais\/wp-content\/uploads\/2019\/11\/DGAC.png 320w\" sizes=\"auto, (max-width: 300px) 100vw, 300px\" \/><\/figure><\/div>\n\n\n\n<p><\/p>\n<\/div>\n<\/div>\n\n\n\n<div style=\"height:100px\" aria-hidden=\"true\" class=\"wp-block-spacer\"><\/div>\n\n\n\n<div class=\"wp-block-image\"><figure class=\"aligncenter\"><img loading=\"lazy\" decoding=\"async\" width=\"400\" height=\"214\" src=\"https:\/\/phenix-aviation.com\/site_francais\/wp-content\/uploads\/2019\/11\/image1.jpeg\" alt=\"\" class=\"wp-image-11\" srcset=\"https:\/\/www.phenix-aviation.com\/site_francais\/wp-content\/uploads\/2019\/11\/image1.jpeg 400w, https:\/\/www.phenix-aviation.com\/site_francais\/wp-content\/uploads\/2019\/11\/image1-300x161.jpeg 300w\" sizes=\"auto, (max-width: 400px) 100vw, 400px\" \/><\/figure><\/div>\n\n\n\n<p class=\"has-text-align-center has-small-font-size\">Soci\u00e9t\u00e9 Anonyme (S.A.) au capital social de 3 000 000 Euros<br>Enregistr\u00e9 au registre du commerce : 413 459 306 RCS Le Havre<br>Certificat de Transporteur A\u00e9rien Europ\u00e9en n\u00b0 FR.AOC.0056<\/p>\n","protected":false},"excerpt":{"rendered":"<p>Les Ailes de Vos Ambitions Depuis 1998 Chez Ph\u00e9nix Aviation, nous sommes fiers des valeurs fondamentales port\u00e9es par l&rsquo;entreprise. Sous l\u2019impulsion de son fondateur et directeur g\u00e9n\u00e9ral Jean BORIE depuis plus de deux d\u00e9cennies nos ambitions sont r\u00e9solument tourn\u00e9es vers un futur raisonn\u00e9, cr\u00e9ant, d\u00e9veloppant, issant la s\u00e9curit\u00e9 au premier rang de nos pr\u00e9occupations tout&hellip; <br \/> <a class=\"read-more\" href=\"https:\/\/www.phenix-aviation.com\/site_francais\/index.php\/la-compagnie\/\">Lire la suite<\/a><\/p>\n","protected":false},"author":2,"featured_media":300,"parent":0,"menu_order":0,"comment_status":"closed","ping_status":"closed","template":"","meta":{"footnotes":""},"class_list":["post-152","page","type-page","status-publish","has-post-thumbnail","hentry"],"_links":{"self":[{"href":"https:\/\/www.phenix-aviation.com\/site_francais\/index.php\/wp-json\/wp\/v2\/pages\/152","targetHints":{"allow":["GET"]}}],"collection":[{"href":"https:\/\/www.phenix-aviation.com\/site_francais\/index.php\/wp-json\/wp\/v2\/pages"}],"about":[{"href":"https:\/\/www.phenix-aviation.com\/site_francais\/index.php\/wp-json\/wp\/v2\/types\/page"}],"author":[{"embeddable":true,"href":"https:\/\/www.phenix-aviation.com\/site_francais\/index.php\/wp-json\/wp\/v2\/users\/2"}],"replies":[{"embeddable":true,"href":"https:\/\/www.phenix-aviation.com\/site_francais\/index.php\/wp-json\/wp\/v2\/comments?post=152"}],"version-history":[{"count":50,"href":"https:\/\/www.phenix-aviation.com\/site_francais\/index.php\/wp-json\/wp\/v2\/pages\/152\/revisions"}],"predecessor-version":[{"id":876,"href":"https:\/\/www.phenix-aviation.com\/site_francais\/index.php\/wp-json\/wp\/v2\/pages\/152\/revisions\/876"}],"wp:featuredmedia":[{"embeddable":true,"href":"https:\/\/www.phenix-aviation.com\/site_francais\/index.php\/wp-json\/wp\/v2\/media\/300"}],"wp:attachment":[{"href":"https:\/\/www.phenix-aviation.com\/site_francais\/index.php\/wp-json\/wp\/v2\/media?parent=152"}],"curies":[{"name":"wp","href":"https:\/\/api.w.org\/{rel}","templated":true}]}}