{"id":324,"date":"2026-03-02T11:03:38","date_gmt":"2026-03-02T10:03:38","guid":{"rendered":"https:\/\/vitrine-phenix-staging.aviasurvey.com\/?page_id=324"},"modified":"2026-04-07T22:47:26","modified_gmt":"2026-04-07T20:47:26","slug":"dassault-falcon-7x","status":"publish","type":"page","link":"https:\/\/www.phenix-aviation.com\/?page_id=324","title":{"rendered":"Dassault Falcon 7X"},"content":{"rendered":"\n<div style=\"height:100px\" aria-hidden=\"true\" class=\"wp-block-spacer\"><\/div>\n\n\n\n<p><\/p>\n\n\n\n<div class=\"wp-block-cover alignfull is-light\"><img loading=\"lazy\" decoding=\"async\" width=\"1024\" height=\"682\" class=\"wp-block-cover__image-background wp-image-399 size-large\" alt=\"\" src=\"https:\/\/www.phenix-aviation.com\/wp-content\/uploads\/2026\/03\/Dassault_20Falcon_207X_Exterior_2-scaled-1-1024x682.jpg\" data-object-fit=\"cover\" srcset=\"https:\/\/www.phenix-aviation.com\/wp-content\/uploads\/2026\/03\/Dassault_20Falcon_207X_Exterior_2-scaled-1-1024x682.jpg 1024w, https:\/\/www.phenix-aviation.com\/wp-content\/uploads\/2026\/03\/Dassault_20Falcon_207X_Exterior_2-scaled-1-300x200.jpg 300w, https:\/\/www.phenix-aviation.com\/wp-content\/uploads\/2026\/03\/Dassault_20Falcon_207X_Exterior_2-scaled-1-768x512.jpg 768w, https:\/\/www.phenix-aviation.com\/wp-content\/uploads\/2026\/03\/Dassault_20Falcon_207X_Exterior_2-scaled-1-1536x1024.jpg 1536w, https:\/\/www.phenix-aviation.com\/wp-content\/uploads\/2026\/03\/Dassault_20Falcon_207X_Exterior_2-scaled-1-2048x1365.jpg 2048w\" sizes=\"auto, (max-width: 1024px) 100vw, 1024px\" \/><span aria-hidden=\"true\" class=\"wp-block-cover__background has-background-dim\" style=\"background-color:#bdb5a9\"><\/span><div class=\"wp-block-cover__inner-container is-layout-flow wp-block-cover-is-layout-flow\">\n<p class=\"has-text-align-center has-x-large-font-size\" style=\"margin-top:0;margin-bottom:0\"><em>Faster, Higher, Farther<\/em>.<\/p>\n<\/div><\/div>\n\n\n\n<div style=\"height:25px\" aria-hidden=\"true\" class=\"wp-block-spacer\"><\/div>\n\n\n\n<h2 class=\"wp-block-heading has-text-align-center\">LX-VAM (operated by JetFly)<\/h2>\n\n\n\n<div class=\"wp-block-buttons is-content-justification-center is-layout-flex wp-container-core-buttons-is-layout-a89b3969 wp-block-buttons-is-layout-flex\">\n<div class=\"wp-block-button\"><a class=\"wp-block-button__link wp-element-button\" href=\"https:\/\/www.phenix-aviation.com\/wp-content\/uploads\/2026\/03\/FALCON-7X-LX-VAM.pdf\">T\u00e9l\u00e9charger la brochure<\/a><\/div>\n<\/div>\n\n\n\n<div style=\"height:50px\" aria-hidden=\"true\" class=\"wp-block-spacer\"><\/div>\n\n\n<p>En voyageant \u00e0 bord du Dassault\u202fFalcon\u202f7X, Phenix Aviation vous propulse dans une nouvelle \u00e8re de l\u2019aviation d\u2019affaires, combinant \u00e9l\u00e9gance, performance et efficacit\u00e9. Avec une autonomie remarquable et une capacit\u00e9 d\u2019emport haut de gamme, le Falcon\u202f7X se distingue par sa capacit\u00e9 \u00e0 relier des destinations intercontinentales tout en conservant la flexibilit\u00e9 des jets l\u00e9gers. Ses performances en mati\u00e8re de d\u00e9collage et d\u2019atterrissage sur pistes courtes multiplient les possibilit\u00e9s d\u2019a\u00e9roports, vous rapprochant plus que jamais de votre destination finale.<\/p>\n\n\n<div style=\"height:100px\" aria-hidden=\"true\" class=\"wp-block-spacer\"><\/div>\n\n\n\n<h2 class=\"wp-block-heading\"><strong><span style=\"text-decoration: underline;\">Confort &amp; Configuration cabine<\/span><\/strong><\/h2>\n\n\n\n<div style=\"height:50px\" aria-hidden=\"true\" class=\"wp-block-spacer\"><\/div>\n\n\n\n<figure class=\"wp-block-image aligncenter size-full is-resized\"><img loading=\"lazy\" decoding=\"async\" width=\"608\" height=\"199\" src=\"https:\/\/www.phenix-aviation.com\/wp-content\/uploads\/2026\/03\/DASSAULT_20FALCON_207X_FLOORPLAN_DAY_0.png\" alt=\"\" class=\"wp-image-402\" srcset=\"https:\/\/www.phenix-aviation.com\/wp-content\/uploads\/2026\/03\/DASSAULT_20FALCON_207X_FLOORPLAN_DAY_0.png 608w, https:\/\/www.phenix-aviation.com\/wp-content\/uploads\/2026\/03\/DASSAULT_20FALCON_207X_FLOORPLAN_DAY_0-300x98.png 300w\" sizes=\"auto, (max-width: 608px) 100vw, 608px\" \/><\/figure>\n\n\n\n<figure class=\"wp-block-image aligncenter size-full is-resized\"><img loading=\"lazy\" decoding=\"async\" width=\"620\" height=\"200\" src=\"https:\/\/www.phenix-aviation.com\/wp-content\/uploads\/2026\/03\/DASSAULT_20FALCON_207X_FLOORPLAN_NIGHT_0.png\" alt=\"\" class=\"wp-image-403\" srcset=\"https:\/\/www.phenix-aviation.com\/wp-content\/uploads\/2026\/03\/DASSAULT_20FALCON_207X_FLOORPLAN_NIGHT_0.png 620w, https:\/\/www.phenix-aviation.com\/wp-content\/uploads\/2026\/03\/DASSAULT_20FALCON_207X_FLOORPLAN_NIGHT_0-300x97.png 300w\" sizes=\"auto, (max-width: 620px) 100vw, 620px\" \/><figcaption class=\"wp-element-caption\">L&rsquo;int\u00e9rieur de notre Dassault Falcon 7X (jour et nuit)<\/figcaption><\/figure>\n\n\n\n<div style=\"height:50px\" aria-hidden=\"true\" class=\"wp-block-spacer\"><\/div>\n\n\n<p data-start=\"953\" data-end=\"1355\">L\u2019int\u00e9rieur du Falcon\u202f7X est con\u00e7u pour accueillir jusqu\u2019\u00e0 <strong data-start=\"1012\" data-end=\"1033\">12 passagers<\/strong> dans une configuration Club tr\u00e8s luxueuse, avec larges fauteuils inclinables, tablettes int\u00e9gr\u00e9es et nombreux rangements. Gr\u00e2ce \u00e0 une pressurisation performante permettant de maintenir la pression dans la cabine \u00e0 une altitude \u00e9quivalente \u00e0 1 200 m (~3\u202f600 ft), une isolation acoustique optimis\u00e9e et un design int\u00e9rieur haut de gamme, la cabine garantit un voyage serein et productif.<\/p>\n<p data-start=\"1357\" data-end=\"1385\">La cabine est \u00e9quip\u00e9e de :<\/p>\n<ul data-start=\"1386\" data-end=\"1665\">\n<li data-start=\"1386\" data-end=\"1479\">\n<p data-start=\"1388\" data-end=\"1479\">syst\u00e8me de divertissement individuel haut de gamme (\u00e9crans tactiles, connectivit\u00e9 AV\/USB)<\/p>\n<\/li>\n<li data-start=\"1480\" data-end=\"1542\">\n<p data-start=\"1482\" data-end=\"1542\">prises 220\u202fV et ports USB pour vos appareils \u00e9lectroniques<\/p>\n<\/li>\n<li data-start=\"1543\" data-end=\"1596\">\n<p data-start=\"1545\" data-end=\"1596\">zone repas ou r\u00e9union modulable selon vos besoins<\/p>\n<\/li>\n<li data-start=\"1597\" data-end=\"1665\">\n<p data-start=\"1599\" data-end=\"1665\">\u00e9clairage d\u2019ambiance adaptatif pour optimiser d\u00e9tente ou travail<\/p>\n<\/li>\n<\/ul>\n\n\n<div style=\"height:25px\" aria-hidden=\"true\" class=\"wp-block-spacer\"><\/div>\n\n\n\n<figure class=\"wp-block-gallery has-nested-images columns-default is-cropped wp-block-gallery-1 is-layout-flex wp-block-gallery-is-layout-flex\">\n<figure class=\"wp-block-image size-large\"><img loading=\"lazy\" decoding=\"async\" width=\"1024\" height=\"682\" data-id=\"396\" src=\"https:\/\/www.phenix-aviation.com\/wp-content\/uploads\/2026\/03\/Dassault_20Falcon_207X_Details_10-scaled-1-1024x682.jpg\" alt=\"\" class=\"wp-image-396\" srcset=\"https:\/\/www.phenix-aviation.com\/wp-content\/uploads\/2026\/03\/Dassault_20Falcon_207X_Details_10-scaled-1-1024x682.jpg 1024w, https:\/\/www.phenix-aviation.com\/wp-content\/uploads\/2026\/03\/Dassault_20Falcon_207X_Details_10-scaled-1-300x200.jpg 300w, https:\/\/www.phenix-aviation.com\/wp-content\/uploads\/2026\/03\/Dassault_20Falcon_207X_Details_10-scaled-1-768x512.jpg 768w, https:\/\/www.phenix-aviation.com\/wp-content\/uploads\/2026\/03\/Dassault_20Falcon_207X_Details_10-scaled-1-1536x1024.jpg 1536w, https:\/\/www.phenix-aviation.com\/wp-content\/uploads\/2026\/03\/Dassault_20Falcon_207X_Details_10-scaled-1-2048x1365.jpg 2048w\" sizes=\"auto, (max-width: 1024px) 100vw, 1024px\" \/><\/figure>\n\n\n\n<figure class=\"wp-block-image size-large\"><img loading=\"lazy\" decoding=\"async\" width=\"1024\" height=\"682\" data-id=\"392\" src=\"https:\/\/www.phenix-aviation.com\/wp-content\/uploads\/2026\/03\/Dassault_20Falcon_207X_AFT_20Cabin_1_0-scaled-1-1024x682.jpg\" alt=\"\" class=\"wp-image-392\" srcset=\"https:\/\/www.phenix-aviation.com\/wp-content\/uploads\/2026\/03\/Dassault_20Falcon_207X_AFT_20Cabin_1_0-scaled-1-1024x682.jpg 1024w, https:\/\/www.phenix-aviation.com\/wp-content\/uploads\/2026\/03\/Dassault_20Falcon_207X_AFT_20Cabin_1_0-scaled-1-300x200.jpg 300w, https:\/\/www.phenix-aviation.com\/wp-content\/uploads\/2026\/03\/Dassault_20Falcon_207X_AFT_20Cabin_1_0-scaled-1-768x512.jpg 768w, https:\/\/www.phenix-aviation.com\/wp-content\/uploads\/2026\/03\/Dassault_20Falcon_207X_AFT_20Cabin_1_0-scaled-1-1536x1024.jpg 1536w, https:\/\/www.phenix-aviation.com\/wp-content\/uploads\/2026\/03\/Dassault_20Falcon_207X_AFT_20Cabin_1_0-scaled-1-2048x1365.jpg 2048w\" sizes=\"auto, (max-width: 1024px) 100vw, 1024px\" \/><\/figure>\n\n\n\n<figure class=\"wp-block-image size-large\"><img loading=\"lazy\" decoding=\"async\" width=\"1024\" height=\"682\" data-id=\"393\" src=\"https:\/\/www.phenix-aviation.com\/wp-content\/uploads\/2026\/03\/Dassault_20Falcon_207X_AFT_20Cabin_2-scaled-1-1024x682.jpg\" alt=\"\" class=\"wp-image-393\" srcset=\"https:\/\/www.phenix-aviation.com\/wp-content\/uploads\/2026\/03\/Dassault_20Falcon_207X_AFT_20Cabin_2-scaled-1-1024x682.jpg 1024w, https:\/\/www.phenix-aviation.com\/wp-content\/uploads\/2026\/03\/Dassault_20Falcon_207X_AFT_20Cabin_2-scaled-1-300x200.jpg 300w, https:\/\/www.phenix-aviation.com\/wp-content\/uploads\/2026\/03\/Dassault_20Falcon_207X_AFT_20Cabin_2-scaled-1-768x512.jpg 768w, https:\/\/www.phenix-aviation.com\/wp-content\/uploads\/2026\/03\/Dassault_20Falcon_207X_AFT_20Cabin_2-scaled-1-1536x1024.jpg 1536w, https:\/\/www.phenix-aviation.com\/wp-content\/uploads\/2026\/03\/Dassault_20Falcon_207X_AFT_20Cabin_2-scaled-1-2048x1365.jpg 2048w\" sizes=\"auto, (max-width: 1024px) 100vw, 1024px\" \/><\/figure>\n\n\n\n<figure class=\"wp-block-image size-large\"><img loading=\"lazy\" decoding=\"async\" width=\"1024\" height=\"682\" data-id=\"404\" src=\"https:\/\/www.phenix-aviation.com\/wp-content\/uploads\/2026\/03\/Dassault_20Falcon_207X_FWD_20Cabin_1-scaled-1-1024x682.jpg\" alt=\"\" class=\"wp-image-404\" srcset=\"https:\/\/www.phenix-aviation.com\/wp-content\/uploads\/2026\/03\/Dassault_20Falcon_207X_FWD_20Cabin_1-scaled-1-1024x682.jpg 1024w, https:\/\/www.phenix-aviation.com\/wp-content\/uploads\/2026\/03\/Dassault_20Falcon_207X_FWD_20Cabin_1-scaled-1-300x200.jpg 300w, https:\/\/www.phenix-aviation.com\/wp-content\/uploads\/2026\/03\/Dassault_20Falcon_207X_FWD_20Cabin_1-scaled-1-768x512.jpg 768w, https:\/\/www.phenix-aviation.com\/wp-content\/uploads\/2026\/03\/Dassault_20Falcon_207X_FWD_20Cabin_1-scaled-1-1536x1024.jpg 1536w, https:\/\/www.phenix-aviation.com\/wp-content\/uploads\/2026\/03\/Dassault_20Falcon_207X_FWD_20Cabin_1-scaled-1-2048x1365.jpg 2048w\" sizes=\"auto, (max-width: 1024px) 100vw, 1024px\" \/><\/figure>\n\n\n\n<figure class=\"wp-block-image size-large\"><img loading=\"lazy\" decoding=\"async\" width=\"1024\" height=\"682\" data-id=\"405\" src=\"https:\/\/www.phenix-aviation.com\/wp-content\/uploads\/2026\/03\/Dassault_20Falcon_207X_FWD_20Cabin_2-scaled-1-1024x682.jpg\" alt=\"\" class=\"wp-image-405\" srcset=\"https:\/\/www.phenix-aviation.com\/wp-content\/uploads\/2026\/03\/Dassault_20Falcon_207X_FWD_20Cabin_2-scaled-1-1024x682.jpg 1024w, https:\/\/www.phenix-aviation.com\/wp-content\/uploads\/2026\/03\/Dassault_20Falcon_207X_FWD_20Cabin_2-scaled-1-300x200.jpg 300w, https:\/\/www.phenix-aviation.com\/wp-content\/uploads\/2026\/03\/Dassault_20Falcon_207X_FWD_20Cabin_2-scaled-1-768x512.jpg 768w, https:\/\/www.phenix-aviation.com\/wp-content\/uploads\/2026\/03\/Dassault_20Falcon_207X_FWD_20Cabin_2-scaled-1-1536x1024.jpg 1536w, https:\/\/www.phenix-aviation.com\/wp-content\/uploads\/2026\/03\/Dassault_20Falcon_207X_FWD_20Cabin_2-scaled-1-2048x1365.jpg 2048w\" sizes=\"auto, (max-width: 1024px) 100vw, 1024px\" \/><\/figure>\n\n\n\n<figure class=\"wp-block-image size-large\"><img loading=\"lazy\" decoding=\"async\" width=\"1024\" height=\"682\" data-id=\"406\" src=\"https:\/\/www.phenix-aviation.com\/wp-content\/uploads\/2026\/03\/Dassault_20Falcon_207X_Galley_1-scaled-1-1024x682.jpg\" alt=\"\" class=\"wp-image-406\" srcset=\"https:\/\/www.phenix-aviation.com\/wp-content\/uploads\/2026\/03\/Dassault_20Falcon_207X_Galley_1-scaled-1-1024x682.jpg 1024w, https:\/\/www.phenix-aviation.com\/wp-content\/uploads\/2026\/03\/Dassault_20Falcon_207X_Galley_1-scaled-1-300x200.jpg 300w, https:\/\/www.phenix-aviation.com\/wp-content\/uploads\/2026\/03\/Dassault_20Falcon_207X_Galley_1-scaled-1-768x512.jpg 768w, https:\/\/www.phenix-aviation.com\/wp-content\/uploads\/2026\/03\/Dassault_20Falcon_207X_Galley_1-scaled-1-1536x1024.jpg 1536w, https:\/\/www.phenix-aviation.com\/wp-content\/uploads\/2026\/03\/Dassault_20Falcon_207X_Galley_1-scaled-1-2048x1365.jpg 2048w\" sizes=\"auto, (max-width: 1024px) 100vw, 1024px\" \/><\/figure>\n\n\n\n<figure class=\"wp-block-image size-large\"><img loading=\"lazy\" decoding=\"async\" width=\"1024\" height=\"682\" data-id=\"407\" src=\"https:\/\/www.phenix-aviation.com\/wp-content\/uploads\/2026\/03\/Dassault_20Falcon_207X_Galley_3_0-scaled-1-1024x682.jpg\" alt=\"\" class=\"wp-image-407\" srcset=\"https:\/\/www.phenix-aviation.com\/wp-content\/uploads\/2026\/03\/Dassault_20Falcon_207X_Galley_3_0-scaled-1-1024x682.jpg 1024w, https:\/\/www.phenix-aviation.com\/wp-content\/uploads\/2026\/03\/Dassault_20Falcon_207X_Galley_3_0-scaled-1-300x200.jpg 300w, https:\/\/www.phenix-aviation.com\/wp-content\/uploads\/2026\/03\/Dassault_20Falcon_207X_Galley_3_0-scaled-1-768x512.jpg 768w, https:\/\/www.phenix-aviation.com\/wp-content\/uploads\/2026\/03\/Dassault_20Falcon_207X_Galley_3_0-scaled-1-1536x1024.jpg 1536w, https:\/\/www.phenix-aviation.com\/wp-content\/uploads\/2026\/03\/Dassault_20Falcon_207X_Galley_3_0-scaled-1-2048x1365.jpg 2048w\" sizes=\"auto, (max-width: 1024px) 100vw, 1024px\" \/><\/figure>\n\n\n\n<figure class=\"wp-block-image size-large\"><img loading=\"lazy\" decoding=\"async\" width=\"1024\" height=\"682\" data-id=\"408\" src=\"https:\/\/www.phenix-aviation.com\/wp-content\/uploads\/2026\/03\/Dassault_20Falcon_207X_Lavatory_1_0-scaled-1-1024x682.jpg\" alt=\"\" class=\"wp-image-408\" srcset=\"https:\/\/www.phenix-aviation.com\/wp-content\/uploads\/2026\/03\/Dassault_20Falcon_207X_Lavatory_1_0-scaled-1-1024x682.jpg 1024w, https:\/\/www.phenix-aviation.com\/wp-content\/uploads\/2026\/03\/Dassault_20Falcon_207X_Lavatory_1_0-scaled-1-300x200.jpg 300w, https:\/\/www.phenix-aviation.com\/wp-content\/uploads\/2026\/03\/Dassault_20Falcon_207X_Lavatory_1_0-scaled-1-768x512.jpg 768w, https:\/\/www.phenix-aviation.com\/wp-content\/uploads\/2026\/03\/Dassault_20Falcon_207X_Lavatory_1_0-scaled-1-1536x1024.jpg 1536w, https:\/\/www.phenix-aviation.com\/wp-content\/uploads\/2026\/03\/Dassault_20Falcon_207X_Lavatory_1_0-scaled-1-2048x1365.jpg 2048w\" sizes=\"auto, (max-width: 1024px) 100vw, 1024px\" \/><\/figure>\n\n\n\n<figure class=\"wp-block-image size-large\"><img loading=\"lazy\" decoding=\"async\" width=\"1024\" height=\"682\" data-id=\"395\" src=\"https:\/\/www.phenix-aviation.com\/wp-content\/uploads\/2026\/03\/Dassault_20Falcon_207X_Cockpit_1-scaled-1-1024x682.jpg\" alt=\"\" class=\"wp-image-395\" srcset=\"https:\/\/www.phenix-aviation.com\/wp-content\/uploads\/2026\/03\/Dassault_20Falcon_207X_Cockpit_1-scaled-1-1024x682.jpg 1024w, https:\/\/www.phenix-aviation.com\/wp-content\/uploads\/2026\/03\/Dassault_20Falcon_207X_Cockpit_1-scaled-1-300x200.jpg 300w, https:\/\/www.phenix-aviation.com\/wp-content\/uploads\/2026\/03\/Dassault_20Falcon_207X_Cockpit_1-scaled-1-768x512.jpg 768w, https:\/\/www.phenix-aviation.com\/wp-content\/uploads\/2026\/03\/Dassault_20Falcon_207X_Cockpit_1-scaled-1-1536x1024.jpg 1536w, https:\/\/www.phenix-aviation.com\/wp-content\/uploads\/2026\/03\/Dassault_20Falcon_207X_Cockpit_1-scaled-1-2048x1365.jpg 2048w\" sizes=\"auto, (max-width: 1024px) 100vw, 1024px\" \/><\/figure>\n<\/figure>\n\n\n\n<div style=\"height:100px\" aria-hidden=\"true\" class=\"wp-block-spacer\"><\/div>\n\n\n\n<h2 class=\"wp-block-heading\"><span style=\"text-decoration: underline;\"><strong>Distance franchissable<\/strong><\/span><\/h2>\n\n\n\n<div style=\"height:50px\" aria-hidden=\"true\" class=\"wp-block-spacer\"><\/div>\n\n\n\n<figure class=\"wp-block-image aligncenter size-full\"><img loading=\"lazy\" decoding=\"async\" width=\"945\" height=\"678\" src=\"https:\/\/www.phenix-aviation.com\/wp-content\/uploads\/2026\/03\/Range_map_7x.jpg\" alt=\"\" class=\"wp-image-418\" srcset=\"https:\/\/www.phenix-aviation.com\/wp-content\/uploads\/2026\/03\/Range_map_7x.jpg 945w, https:\/\/www.phenix-aviation.com\/wp-content\/uploads\/2026\/03\/Range_map_7x-300x215.jpg 300w, https:\/\/www.phenix-aviation.com\/wp-content\/uploads\/2026\/03\/Range_map_7x-768x551.jpg 768w\" sizes=\"auto, (max-width: 945px) 100vw, 945px\" \/><figcaption class=\"wp-element-caption\">Distance franchissable au d\u00e9part de Paris Le Bourget<\/figcaption><\/figure>\n\n\n\n<p>Le Falcon\u202f7X, avec ses trois turbor\u00e9acteurs \u00e0 haute performance, offre une autonomie de l\u2019ordre de <strong>11 200 km<\/strong> (ou ~6\u202f000 NM), lui permettant de relier facilement des p\u00f4les \u00e9conomiques majeurs sans escale. Il combine ainsi les avantages d\u2019un jet longue\u2011course avec la flexibilit\u00e9 d\u2019un appareil capable d\u2019acc\u00e9der \u00e0 des terrains plus contraignants.<\/p>\n\n\n\n<div style=\"height:100px\" aria-hidden=\"true\" class=\"wp-block-spacer\"><\/div>\n\n\n\n<h3 class=\"wp-block-heading has-text-align-center\">DEMANDEZ-VOTRE COTATION ET VOYAGEZ SUR LE DASSAULT FALCON 7X<\/h3>\n\n\n\n<p class=\"has-text-align-center\">Notre \u00e9quipe commerciale est disponible 24H\/24 7J\/7 pour vous proposer les meilleures solutions <\/p>\n\n\n\n<p class=\"has-text-align-center\"><strong>Contactez-nous maintenant !<\/strong><\/p>\n\n\n\n<p class=\"has-text-align-center\"><strong>+33 (0)2 32 85 00 81<\/strong><\/p>\n\n\n\n<p class=\"has-text-align-center\"><strong><a href=\"mailto:phenix@phenix-aviation.com\">phenix@phenix-aviation.com<\/a><\/strong><\/p>\n\n\n\n<figure class=\"wp-block-image aligncenter size-full is-resized\"><img loading=\"lazy\" decoding=\"async\" width=\"800\" height=\"428\" src=\"https:\/\/www.phenix-aviation.com\/wp-content\/uploads\/2026\/02\/H_RVB_transp_800.png\" alt=\"\" class=\"wp-image-208\" style=\"width:428px;height:229px\" srcset=\"https:\/\/www.phenix-aviation.com\/wp-content\/uploads\/2026\/02\/H_RVB_transp_800.png 800w, https:\/\/www.phenix-aviation.com\/wp-content\/uploads\/2026\/02\/H_RVB_transp_800-300x161.png 300w, https:\/\/www.phenix-aviation.com\/wp-content\/uploads\/2026\/02\/H_RVB_transp_800-768x411.png 768w\" sizes=\"auto, (max-width: 800px) 100vw, 800px\" \/><\/figure>\n","protected":false},"excerpt":{"rendered":"<p>LX-VAM (operated by JetFly) En voyageant \u00e0 bord du Dassault\u202fFalcon\u202f7X, Phenix Aviation vous propulse dans une nouvelle \u00e8re de l\u2019aviation [&hellip;]<\/p>\n","protected":false},"author":1,"featured_media":0,"parent":0,"menu_order":0,"comment_status":"closed","ping_status":"closed","template":"","meta":{"site-sidebar-layout":"default","site-content-layout":"","ast-site-content-layout":"default","site-content-style":"default","site-sidebar-style":"default","ast-global-header-display":"","ast-banner-title-visibility":"","ast-main-header-display":"","ast-hfb-above-header-display":"","ast-hfb-below-header-display":"","ast-hfb-mobile-header-display":"","site-post-title":"disabled","ast-breadcrumbs-content":"","ast-featured-img":"","footer-sml-layout":"","ast-disable-related-posts":"","theme-transparent-header-meta":"","adv-header-id-meta":"","stick-header-meta":"","header-above-stick-meta":"","header-main-stick-meta":"","header-below-stick-meta":"","astra-migrate-meta-layouts":"default","ast-page-background-enabled":"default","ast-page-background-meta":{"desktop":{"background-color":"var(--ast-global-color-5)","background-image":"","background-repeat":"repeat","background-position":"center center","background-size":"auto","background-attachment":"scroll","background-type":"","background-media":"","overlay-type":"","overlay-color":"","overlay-opacity":"","overlay-gradient":""},"tablet":{"background-color":"","background-image":"","background-repeat":"repeat","background-position":"center center","background-size":"auto","background-attachment":"scroll","background-type":"","background-media":"","overlay-type":"","overlay-color":"","overlay-opacity":"","overlay-gradient":""},"mobile":{"background-color":"","background-image":"","background-repeat":"repeat","background-position":"center center","background-size":"auto","background-attachment":"scroll","background-type":"","background-media":"","overlay-type":"","overlay-color":"","overlay-opacity":"","overlay-gradient":""}},"ast-content-background-meta":{"desktop":{"background-color":"var(--ast-global-color-4)","background-image":"","background-repeat":"repeat","background-position":"center center","background-size":"auto","background-attachment":"scroll","background-type":"","background-media":"","overlay-type":"","overlay-color":"","overlay-opacity":"","overlay-gradient":""},"tablet":{"background-color":"var(--ast-global-color-4)","background-image":"","background-repeat":"repeat","background-position":"center center","background-size":"auto","background-attachment":"scroll","background-type":"","background-media":"","overlay-type":"","overlay-color":"","overlay-opacity":"","overlay-gradient":""},"mobile":{"background-color":"var(--ast-global-color-4)","background-image":"","background-repeat":"repeat","background-position":"center center","background-size":"auto","background-attachment":"scroll","background-type":"","background-media":"","overlay-type":"","overlay-color":"","overlay-opacity":"","overlay-gradient":""}},"footnotes":""},"class_list":["post-324","page","type-page","status-publish","hentry"],"_links":{"self":[{"href":"https:\/\/www.phenix-aviation.com\/index.php?rest_route=\/wp\/v2\/pages\/324","targetHints":{"allow":["GET"]}}],"collection":[{"href":"https:\/\/www.phenix-aviation.com\/index.php?rest_route=\/wp\/v2\/pages"}],"about":[{"href":"https:\/\/www.phenix-aviation.com\/index.php?rest_route=\/wp\/v2\/types\/page"}],"author":[{"embeddable":true,"href":"https:\/\/www.phenix-aviation.com\/index.php?rest_route=\/wp\/v2\/users\/1"}],"replies":[{"embeddable":true,"href":"https:\/\/www.phenix-aviation.com\/index.php?rest_route=%2Fwp%2Fv2%2Fcomments&post=324"}],"version-history":[{"count":9,"href":"https:\/\/www.phenix-aviation.com\/index.php?rest_route=\/wp\/v2\/pages\/324\/revisions"}],"predecessor-version":[{"id":1107,"href":"https:\/\/www.phenix-aviation.com\/index.php?rest_route=\/wp\/v2\/pages\/324\/revisions\/1107"}],"wp:attachment":[{"href":"https:\/\/www.phenix-aviation.com\/index.php?rest_route=%2Fwp%2Fv2%2Fmedia&parent=324"}],"curies":[{"name":"wp","href":"https:\/\/api.w.org\/{rel}","templated":true}]}}