{"id":134,"date":"2026-02-23T07:49:43","date_gmt":"2026-02-23T06:49:43","guid":{"rendered":"https:\/\/vitrine-phenix-staging.aviasurvey.com\/?page_id=134"},"modified":"2026-04-07T22:54:34","modified_gmt":"2026-04-07T20:54:34","slug":"gestion-de-la-navigabilite","status":"publish","type":"page","link":"https:\/\/www.phenix-aviation.com\/?page_id=134","title":{"rendered":"Expertise Technique Avion"},"content":{"rendered":"\n<p style=\"padding-top:var(--wp--preset--spacing--50);padding-bottom:var(--wp--preset--spacing--50)\"><\/p>\n\n\n\n<div class=\"wp-block-cover alignfull is-light\" style=\"min-height:20em;aspect-ratio:unset;\"><img loading=\"lazy\" decoding=\"async\" width=\"2560\" height=\"2030\" class=\"wp-block-cover__image-background wp-image-60 size-full\" alt=\"\" src=\"https:\/\/www.phenix-aviation.com\/wp-content\/uploads\/2026\/02\/763772D9-EBEF-480F-8E73-A7C0A0305E7D-scaled.jpg\" style=\"object-position:51% 29%\" data-object-fit=\"cover\" data-object-position=\"51% 29%\" srcset=\"https:\/\/www.phenix-aviation.com\/wp-content\/uploads\/2026\/02\/763772D9-EBEF-480F-8E73-A7C0A0305E7D-scaled.jpg 2560w, https:\/\/www.phenix-aviation.com\/wp-content\/uploads\/2026\/02\/763772D9-EBEF-480F-8E73-A7C0A0305E7D-300x238.jpg 300w, https:\/\/www.phenix-aviation.com\/wp-content\/uploads\/2026\/02\/763772D9-EBEF-480F-8E73-A7C0A0305E7D-1024x812.jpg 1024w, https:\/\/www.phenix-aviation.com\/wp-content\/uploads\/2026\/02\/763772D9-EBEF-480F-8E73-A7C0A0305E7D-768x609.jpg 768w, https:\/\/www.phenix-aviation.com\/wp-content\/uploads\/2026\/02\/763772D9-EBEF-480F-8E73-A7C0A0305E7D-1536x1218.jpg 1536w, https:\/\/www.phenix-aviation.com\/wp-content\/uploads\/2026\/02\/763772D9-EBEF-480F-8E73-A7C0A0305E7D-2048x1624.jpg 2048w\" sizes=\"auto, (max-width: 2560px) 100vw, 2560px\" \/><span aria-hidden=\"true\" class=\"wp-block-cover__background has-background-dim\" style=\"background-color:#798891\"><\/span><div class=\"wp-block-cover__inner-container is-layout-constrained wp-block-cover-is-layout-constrained\">\n<p class=\"has-text-align-center has-ast-global-color-2-color has-text-color has-link-color has-large-font-size wp-elements-39111536e72f5c2623c3cf6f22b0067e\">Expertise Technique Avion<\/p>\n<\/div><\/div>\n\n\n\n<div class=\"wp-block-group alignfull is-layout-constrained wp-block-group-is-layout-constrained\" style=\"padding-top:var(--wp--preset--spacing--50);padding-bottom:var(--wp--preset--spacing--80)\">\n<div class=\"wp-block-media-text alignwide is-stacked-on-mobile is-vertically-aligned-center is-image-fill-element\" style=\"margin-top:var(--wp--preset--spacing--80);margin-right:0;margin-bottom:var(--wp--preset--spacing--80);margin-left:0;padding-right:0;padding-left:0;grid-template-columns:40% auto\"><figure class=\"wp-block-media-text__media\"><img loading=\"lazy\" decoding=\"async\" width=\"1024\" height=\"768\" src=\"https:\/\/www.phenix-aviation.com\/wp-content\/uploads\/2026\/04\/IMG_2005-1024x768.jpeg\" alt=\"\" class=\"wp-image-911 size-large\" style=\"object-position:50% 50%\" srcset=\"https:\/\/www.phenix-aviation.com\/wp-content\/uploads\/2026\/04\/IMG_2005-1024x768.jpeg 1024w, https:\/\/www.phenix-aviation.com\/wp-content\/uploads\/2026\/04\/IMG_2005-300x225.jpeg 300w, https:\/\/www.phenix-aviation.com\/wp-content\/uploads\/2026\/04\/IMG_2005-768x576.jpeg 768w, https:\/\/www.phenix-aviation.com\/wp-content\/uploads\/2026\/04\/IMG_2005-1536x1152.jpeg 1536w, https:\/\/www.phenix-aviation.com\/wp-content\/uploads\/2026\/04\/IMG_2005-2048x1536.jpeg 2048w\" sizes=\"auto, (max-width: 1024px) 100vw, 1024px\" \/><\/figure><div class=\"wp-block-media-text__content\">\n<div class=\"wp-block-group alignwide is-vertical is-content-justification-left is-layout-flex wp-container-core-group-is-layout-0c39fd5e wp-block-group-is-layout-flex\">\n<h4 class=\"wp-block-heading wp-container-content-dc435e0d\"><strong>CAMO &amp; MCC \u2013 Gestion compl\u00e8te et support technique<\/strong><\/h4>\n\n\n\n<p class=\"has-text-align-left wp-container-content-958eb9dc\">Nous assurons la gestion compl\u00e8te du maintien de la navigabilit\u00e9 (CAMO) incluant le suivi administratif et technique de votre a\u00e9ronef.<br>Planification des entretiens, gestion AD\/SB, suivi des potentiels, coordination Part-145 et autorit\u00e9s.<br>Reporting mensuel d\u00e9taill\u00e9 sur le statut technique et la conformit\u00e9 r\u00e9glementaire.<br>MCC d\u00e9di\u00e9 avec support technique 24\/7 en cas d\u2019AOG ou situation op\u00e9rationnelle critique.<\/p>\n<\/div>\n<\/div><\/div>\n\n\n\n<div class=\"wp-block-media-text alignwide has-media-on-the-right is-stacked-on-mobile is-vertically-aligned-center is-image-fill-element\" style=\"margin-top:var(--wp--preset--spacing--80);margin-bottom:var(--wp--preset--spacing--80);grid-template-columns:auto 40%\"><div class=\"wp-block-media-text__content\">\n<div class=\"wp-block-group alignwide is-vertical is-layout-flex wp-container-core-group-is-layout-e1300cac wp-block-group-is-layout-flex\">\n<h4 class=\"wp-block-heading has-text-align-left wp-container-content-dc435e0d\"><strong><strong>PPI \u2013 Pr\u00e9-Purchase Inspection<\/strong><\/strong><\/h4>\n\n\n\n<p class=\"has-text-align-left\">Audit technique avant acquisition d\u2019a\u00e9ronef.<br>Analyse documentaire approfondie, conformit\u00e9 r\u00e9glementaire et statut AD\/SB.<br>V\u00e9rification des Critical LLI et composants sous TBO, des modifications et r\u00e9parations avec contr\u00f4le de la pr\u00e9sence et tra\u00e7abilit\u00e9 des certificats.<br>\u00c9valuation des potentiels cellule, moteurs et \u00e9quipements critiques avec rapport structur\u00e9.<\/p>\n<\/div>\n<\/div><figure class=\"wp-block-media-text__media\"><img loading=\"lazy\" decoding=\"async\" width=\"1024\" height=\"471\" src=\"https:\/\/www.phenix-aviation.com\/wp-content\/uploads\/2026\/04\/IMG_3117-1024x471.jpg\" alt=\"\" class=\"wp-image-910 size-large\" style=\"object-position:50% 50%\" srcset=\"https:\/\/www.phenix-aviation.com\/wp-content\/uploads\/2026\/04\/IMG_3117-1024x471.jpg 1024w, https:\/\/www.phenix-aviation.com\/wp-content\/uploads\/2026\/04\/IMG_3117-300x138.jpg 300w, https:\/\/www.phenix-aviation.com\/wp-content\/uploads\/2026\/04\/IMG_3117-768x354.jpg 768w, https:\/\/www.phenix-aviation.com\/wp-content\/uploads\/2026\/04\/IMG_3117-1536x707.jpg 1536w, https:\/\/www.phenix-aviation.com\/wp-content\/uploads\/2026\/04\/IMG_3117-2048x943.jpg 2048w\" sizes=\"auto, (max-width: 1024px) 100vw, 1024px\" \/><\/figure><\/div>\n\n\n\n<div class=\"wp-block-media-text alignwide is-stacked-on-mobile is-vertically-aligned-center is-image-fill-element\" style=\"margin-top:var(--wp--preset--spacing--80);margin-bottom:var(--wp--preset--spacing--80);grid-template-columns:40% auto\"><figure class=\"wp-block-media-text__media\"><img loading=\"lazy\" decoding=\"async\" width=\"768\" height=\"1024\" src=\"https:\/\/www.phenix-aviation.com\/wp-content\/uploads\/2026\/04\/IMG_1932-768x1024.jpg\" alt=\"\" class=\"wp-image-909 size-large\" style=\"object-position:50% 50%\" srcset=\"https:\/\/www.phenix-aviation.com\/wp-content\/uploads\/2026\/04\/IMG_1932-768x1024.jpg 768w, https:\/\/www.phenix-aviation.com\/wp-content\/uploads\/2026\/04\/IMG_1932-225x300.jpg 225w, https:\/\/www.phenix-aviation.com\/wp-content\/uploads\/2026\/04\/IMG_1932-1152x1536.jpg 1152w, https:\/\/www.phenix-aviation.com\/wp-content\/uploads\/2026\/04\/IMG_1932-1536x2048.jpg 1536w, https:\/\/www.phenix-aviation.com\/wp-content\/uploads\/2026\/04\/IMG_1932-scaled.jpg 1920w\" sizes=\"auto, (max-width: 768px) 100vw, 768px\" \/><\/figure><div class=\"wp-block-media-text__content\">\n<div class=\"wp-block-group alignwide is-vertical is-content-justification-left is-layout-flex wp-container-core-group-is-layout-0c39fd5e wp-block-group-is-layout-flex\">\n<h4 class=\"wp-block-heading has-text-align-left wp-container-content-dc435e0d\"><strong><strong><strong>ARC \u2013 Airworthiness Review<\/strong><\/strong><\/strong><\/h4>\n\n\n\n<p class=\"has-text-align-left wp-container-content-958eb9dc\">Revues de navigabilit\u00e9 r\u00e9alis\u00e9es par une \u00e9quipe exp\u00e9riment\u00e9e et mobile.<br>Forte expertise en inspection physique et analyse documentaire.<br>Nous nous d\u00e9pla\u00e7ons l\u00e0 o\u00f9 se trouve l\u2019a\u00e9ronef, partout dans le monde.<br>Approbations couvrant une large gamme d\u2019a\u00e9ronefs : Gulfstream, Dassault, Bombardier, Embraer, Pilatus, Textron.<\/p>\n<\/div>\n<\/div><\/div>\n\n\n\n<div class=\"wp-block-media-text alignwide has-media-on-the-right is-stacked-on-mobile is-vertically-aligned-center is-image-fill-element\" style=\"margin-top:var(--wp--preset--spacing--80);margin-bottom:var(--wp--preset--spacing--80);grid-template-columns:auto 40%\"><div class=\"wp-block-media-text__content\">\n<div class=\"wp-block-group alignwide is-vertical is-content-justification-left is-layout-flex wp-container-core-group-is-layout-0c39fd5e wp-block-group-is-layout-flex\">\n<h4 class=\"wp-block-heading has-text-align-left wp-container-content-dc435e0d\"><strong><strong><strong>Inspection Livraison Avion Neuf<\/strong><\/strong><\/strong><\/h4>\n\n\n\n<p class=\"has-text-align-left\">Supervision technique lors de la r\u00e9ception constructeur.<br>V\u00e9rification de conformit\u00e9 contractuelle et r\u00e9glementaire.<br>Revue documentaire et contr\u00f4le de configuration.<br>Accompagnement jusqu\u2019\u00e0 l\u2019entr\u00e9e en exploitation.<\/p>\n<\/div>\n<\/div><figure class=\"wp-block-media-text__media\"><img loading=\"lazy\" decoding=\"async\" width=\"1024\" height=\"768\" src=\"https:\/\/www.phenix-aviation.com\/wp-content\/uploads\/2026\/04\/IMG_2025-1024x768.jpeg\" alt=\"\" class=\"wp-image-908 size-large\" style=\"object-position:50% 50%\" srcset=\"https:\/\/www.phenix-aviation.com\/wp-content\/uploads\/2026\/04\/IMG_2025-1024x768.jpeg 1024w, https:\/\/www.phenix-aviation.com\/wp-content\/uploads\/2026\/04\/IMG_2025-300x225.jpeg 300w, https:\/\/www.phenix-aviation.com\/wp-content\/uploads\/2026\/04\/IMG_2025-768x576.jpeg 768w, https:\/\/www.phenix-aviation.com\/wp-content\/uploads\/2026\/04\/IMG_2025-1536x1152.jpeg 1536w, https:\/\/www.phenix-aviation.com\/wp-content\/uploads\/2026\/04\/IMG_2025-2048x1536.jpeg 2048w\" sizes=\"auto, (max-width: 1024px) 100vw, 1024px\" \/><\/figure><\/div>\n\n\n\n<div class=\"wp-block-media-text alignwide is-stacked-on-mobile is-vertically-aligned-center is-image-fill-element\" style=\"margin-top:var(--wp--preset--spacing--80);margin-bottom:var(--wp--preset--spacing--80);grid-template-columns:40% auto\"><figure class=\"wp-block-media-text__media\"><img loading=\"lazy\" decoding=\"async\" width=\"768\" height=\"1024\" src=\"https:\/\/www.phenix-aviation.com\/wp-content\/uploads\/2026\/04\/IMG_2259-768x1024.jpeg\" alt=\"\" class=\"wp-image-907 size-large\" style=\"object-position:50% 50%\" srcset=\"https:\/\/www.phenix-aviation.com\/wp-content\/uploads\/2026\/04\/IMG_2259-768x1024.jpeg 768w, https:\/\/www.phenix-aviation.com\/wp-content\/uploads\/2026\/04\/IMG_2259-225x300.jpeg 225w, https:\/\/www.phenix-aviation.com\/wp-content\/uploads\/2026\/04\/IMG_2259-1152x1536.jpeg 1152w, https:\/\/www.phenix-aviation.com\/wp-content\/uploads\/2026\/04\/IMG_2259-1536x2048.jpeg 1536w, https:\/\/www.phenix-aviation.com\/wp-content\/uploads\/2026\/04\/IMG_2259-scaled.jpeg 1920w\" sizes=\"auto, (max-width: 768px) 100vw, 768px\" \/><\/figure><div class=\"wp-block-media-text__content\">\n<div class=\"wp-block-group alignwide is-vertical is-content-justification-left is-layout-flex wp-container-core-group-is-layout-0c39fd5e wp-block-group-is-layout-flex\">\n<h4 class=\"wp-block-heading has-text-align-left wp-container-content-dc435e0d\"><strong><strong><strong><strong>Immatriculation \u2013 Importation \u2013 Exportation<\/strong><\/strong><\/strong><\/strong><\/h4>\n\n\n\n<p class=\"has-text-align-left wp-container-content-958eb9dc\">Revues de navigabilit\u00e9 r\u00e9alis\u00e9es par une \u00e9quipe exp\u00e9riment\u00e9e et mobile.<br>Importation et exportation vers registres EASA, FAA, TCCA, CAAC, etc.<br>Coordination avec autorit\u00e9s et gestion documentaire r\u00e9glementaire.<br>Support certificat d\u2019export, radiation et conformit\u00e9 technique.<br>Gestion structur\u00e9e du processus.<br>Nous nous d\u00e9pla\u00e7ons l\u00e0 o\u00f9 se trouve l\u2019a\u00e9ronef, partout dans le monde.<br>Approbations couvrant une large gamme d\u2019a\u00e9ronefs : Gulfstream, Dassault, Bombardier, Embraer, Pilatus, Textron.<\/p>\n<\/div>\n<\/div><\/div>\n\n\n\n<h4 class=\"wp-block-heading has-text-align-center\"><strong><em>La valeur de votre appareil est pr\u00e9serv\u00e9e gr\u00e2ce \u00e0 un suivi digital clair, structur\u00e9 et accessible en permanence.<\/em><\/strong><\/h4>\n<\/div>\n\n\n\n<p style=\"margin-top:var(--wp--preset--spacing--40);margin-bottom:var(--wp--preset--spacing--40)\"><\/p>\n\n\n\n<div class=\"wp-block-group alignfull has-background is-layout-constrained wp-container-core-group-is-layout-6bbc3aab wp-block-group-is-layout-constrained\" id=\"whyus\" style=\"background:linear-gradient(135deg,rgb(15,23,41) 0%,rgb(0,69,133) 97%);margin-top:0;margin-bottom:0;padding-top:7rem;padding-bottom:7rem\">\n<h2 class=\"wp-block-heading\">Pourquoi Phenix Aviation ?<\/h2>\n\n\n\n<p><\/p>\n\n\n\n<div class=\"wp-block-columns are-vertically-aligned-top is-layout-flex wp-container-core-columns-is-layout-3d339db9 wp-block-columns-is-layout-flex\" style=\"margin-top:50px;padding-bottom:var(--wp--preset--spacing--80)\">\n<div class=\"wp-block-column is-vertically-aligned-top is-layout-flow wp-container-core-column-is-layout-6b73ce23 wp-block-column-is-layout-flow\">\n<figure class=\"wp-block-image aligncenter size-large\"><img decoding=\"async\" src=\"https:\/\/img.icons8.com\/?size=100&amp;id=48353&amp;format=png&amp;color=ffffff\" alt=\"\"\/><\/figure>\n\n\n\n<h3 class=\"wp-block-heading has-text-align-center\" style=\"margin-top:16px\">Expertise d\u00e9di\u00e9e<\/h3>\n\n\n\n<p class=\"has-text-align-center\">Expertise en aviation d\u2019affaire<\/p>\n<\/div>\n\n\n\n<div class=\"wp-block-column is-vertically-aligned-top is-layout-flow wp-container-core-column-is-layout-6b73ce23 wp-block-column-is-layout-flow\">\n<figure class=\"wp-block-image aligncenter size-large\"><img decoding=\"async\" src=\"https:\/\/img.icons8.com\/?size=100&amp;id=30872&amp;format=png&amp;color=ffffff\" alt=\"\"\/><\/figure>\n\n\n\n<h3 class=\"wp-block-heading has-text-align-center\" style=\"margin-top:16px\">Conseil strat\u00e9gique et op\u00e9rationnel<\/h3>\n\n\n\n<p class=\"has-text-align-center\">Approche ind\u00e9pendante et orient\u00e9e r\u00e9sultats<\/p>\n<\/div>\n\n\n\n<div class=\"wp-block-column is-vertically-aligned-top is-layout-flow wp-container-core-column-is-layout-6b73ce23 wp-block-column-is-layout-flow\">\n<figure class=\"wp-block-image aligncenter size-large\"><img decoding=\"async\" src=\"https:\/\/img.icons8.com\/?size=100&amp;id=9672&amp;format=png&amp;color=ffffff\" alt=\"\"\/><\/figure>\n\n\n\n<h3 class=\"wp-block-heading has-text-align-center\" style=\"margin-top:16px\"><strong>Suivi personnalis\u00e9<\/strong><\/h3>\n\n\n\n<p class=\"has-text-align-center\">Un interlocuteur qualifi\u00e9, unique et d\u00e9di\u00e9 disponible 24h\/24, 7j\/7<\/p>\n<\/div>\n\n\n\n<div class=\"wp-block-column is-vertically-aligned-top is-layout-flow wp-container-core-column-is-layout-6b73ce23 wp-block-column-is-layout-flow\">\n<figure class=\"wp-block-image aligncenter size-large\"><img decoding=\"async\" src=\"https:\/\/img.icons8.com\/?size=100&amp;id=24730&amp;format=png&amp;color=ffffff\" alt=\"\"\/><\/figure>\n\n\n\n<h3 class=\"wp-block-heading has-text-align-center\" style=\"margin-top:16px\">Excellence R\u00e9glementaire<\/h3>\n\n\n\n<p class=\"has-text-align-center\">Ma\u00eetrise du cadre r\u00e9glementaire<\/p>\n<\/div>\n<\/div>\n\n\n\n<hr class=\"wp-block-separator has-text-color has-white-color has-alpha-channel-opacity has-white-background-color has-background is-style-wide\"\/>\n\n\n\n<div class=\"wp-block-group alignfull is-layout-constrained wp-container-core-group-is-layout-68f6999d wp-block-group-is-layout-constrained\" id=\"contact\" style=\"margin-top:0;padding-top:var(--wp--preset--spacing--80);padding-bottom:var(--wp--preset--spacing--50)\">\n<h2 class=\"wp-block-heading has-text-align-center has-text-color\" style=\"color:#ffffff\">Un projet, un avion, une question ?<\/h2>\n\n\n\n<div class=\"wp-block-buttons is-content-justification-center is-layout-flex wp-container-core-buttons-is-layout-5f6571c8 wp-block-buttons-is-layout-flex\" style=\"margin-top:var(--wp--preset--spacing--70);margin-bottom:0\">\n<div class=\"wp-block-button is-style-outline is-style-outline--6\"><a class=\"wp-block-button__link has-background has-border-color has-ast-global-color-2-border-color has-text-align-center wp-element-button\" href=\"https:\/\/www.phenix-aviation.com\/?page_id=669\" style=\"border-width:2px;background-color:#ffffff00\">Contactez-nous<\/a><\/div>\n<\/div>\n<\/div>\n<\/div>\n\n\n\n<p style=\"margin-top:var(--wp--preset--spacing--40);margin-bottom:var(--wp--preset--spacing--40)\"><\/p>\n\n\n","protected":false},"excerpt":{"rendered":"<p>CAMO &amp; MCC \u2013 Gestion compl\u00e8te et support technique Nous assurons la gestion compl\u00e8te du maintien de la navigabilit\u00e9 (CAMO) [&hellip;]<\/p>\n","protected":false},"author":1,"featured_media":0,"parent":0,"menu_order":0,"comment_status":"closed","ping_status":"closed","template":"","meta":{"site-sidebar-layout":"default","site-content-layout":"","ast-site-content-layout":"default","site-content-style":"default","site-sidebar-style":"default","ast-global-header-display":"","ast-banner-title-visibility":"","ast-main-header-display":"","ast-hfb-above-header-display":"","ast-hfb-below-header-display":"","ast-hfb-mobile-header-display":"","site-post-title":"disabled","ast-breadcrumbs-content":"","ast-featured-img":"","footer-sml-layout":"","ast-disable-related-posts":"","theme-transparent-header-meta":"","adv-header-id-meta":"","stick-header-meta":"","header-above-stick-meta":"","header-main-stick-meta":"","header-below-stick-meta":"","astra-migrate-meta-layouts":"default","ast-page-background-enabled":"default","ast-page-background-meta":{"desktop":{"background-color":"var(--ast-global-color-5)","background-image":"","background-repeat":"repeat","background-position":"center center","background-size":"auto","background-attachment":"scroll","background-type":"","background-media":"","overlay-type":"","overlay-color":"","overlay-opacity":"","overlay-gradient":""},"tablet":{"background-color":"","background-image":"","background-repeat":"repeat","background-position":"center center","background-size":"auto","background-attachment":"scroll","background-type":"","background-media":"","overlay-type":"","overlay-color":"","overlay-opacity":"","overlay-gradient":""},"mobile":{"background-color":"","background-image":"","background-repeat":"repeat","background-position":"center center","background-size":"auto","background-attachment":"scroll","background-type":"","background-media":"","overlay-type":"","overlay-color":"","overlay-opacity":"","overlay-gradient":""}},"ast-content-background-meta":{"desktop":{"background-color":"var(--ast-global-color-4)","background-image":"","background-repeat":"repeat","background-position":"center center","background-size":"auto","background-attachment":"scroll","background-type":"","background-media":"","overlay-type":"","overlay-color":"","overlay-opacity":"","overlay-gradient":""},"tablet":{"background-color":"var(--ast-global-color-4)","background-image":"","background-repeat":"repeat","background-position":"center center","background-size":"auto","background-attachment":"scroll","background-type":"","background-media":"","overlay-type":"","overlay-color":"","overlay-opacity":"","overlay-gradient":""},"mobile":{"background-color":"var(--ast-global-color-4)","background-image":"","background-repeat":"repeat","background-position":"center center","background-size":"auto","background-attachment":"scroll","background-type":"","background-media":"","overlay-type":"","overlay-color":"","overlay-opacity":"","overlay-gradient":""}},"footnotes":""},"class_list":["post-134","page","type-page","status-publish","hentry"],"_links":{"self":[{"href":"https:\/\/www.phenix-aviation.com\/index.php?rest_route=\/wp\/v2\/pages\/134","targetHints":{"allow":["GET"]}}],"collection":[{"href":"https:\/\/www.phenix-aviation.com\/index.php?rest_route=\/wp\/v2\/pages"}],"about":[{"href":"https:\/\/www.phenix-aviation.com\/index.php?rest_route=\/wp\/v2\/types\/page"}],"author":[{"embeddable":true,"href":"https:\/\/www.phenix-aviation.com\/index.php?rest_route=\/wp\/v2\/users\/1"}],"replies":[{"embeddable":true,"href":"https:\/\/www.phenix-aviation.com\/index.php?rest_route=%2Fwp%2Fv2%2Fcomments&post=134"}],"version-history":[{"count":30,"href":"https:\/\/www.phenix-aviation.com\/index.php?rest_route=\/wp\/v2\/pages\/134\/revisions"}],"predecessor-version":[{"id":1112,"href":"https:\/\/www.phenix-aviation.com\/index.php?rest_route=\/wp\/v2\/pages\/134\/revisions\/1112"}],"wp:attachment":[{"href":"https:\/\/www.phenix-aviation.com\/index.php?rest_route=%2Fwp%2Fv2%2Fmedia&parent=134"}],"curies":[{"name":"wp","href":"https:\/\/api.w.org\/{rel}","templated":true}]}}